{"id":627,"date":"2019-11-05T20:42:56","date_gmt":"2019-11-05T19:42:56","guid":{"rendered":"http:\/\/gutierrezalimentaria.com\/?page_id=627"},"modified":"2021-02-10T17:35:40","modified_gmt":"2021-02-10T16:35:40","slug":"textolegal","status":"publish","type":"page","link":"https:\/\/gutierrezalimentaria.com\/?page_id=627","title":{"rendered":"Texto Legal"},"content":{"rendered":"<p>[et_pb_section fb_built=\u00bb1&#8243; _builder_version=\u00bb3.29.3&#8243; background_color=\u00bb#f6d8ab\u00bb fb_built=\u00bb1&#8243; _i=\u00bb0&#8243; _address=\u00bb0&#8243;][et_pb_row _builder_version=\u00bb3.29.3&#8243; _i=\u00bb0&#8243; _address=\u00bb0.0&#8243;][et_pb_column type=\u00bb4_4&#8243; _builder_version=\u00bb3.29.3&#8243; _i=\u00bb0&#8243; _address=\u00bb0.0.0&#8243;][et_pb_text _builder_version=\u00bb3.29.3&#8243; _i=\u00bb0&#8243; _address=\u00bb0.0.0.0&#8243;]<\/p>\n<h2 style=\"text-align: center;\"><strong>Texto legal<\/strong><\/h2>\n<div>\u00a0<\/div>\n<div class=\"\"><span class=\"\">GUTI\u00c9RREZ ALIMENTARIA 2001 S.L., le informa que su direcci\u00f3n de correo electr\u00f3nico, as\u00ed como el resto de los datos de car\u00e1cter personal de su tarjeta de visita que nos facilite, ser\u00e1n objeto de tratamiento automatizado en nuestros ficheros, con la finalidad de gestionar la agenda de contactos de nuestra empresa, para el envi\u00f3 de comunicaciones profesionales y\/o personales por v\u00eda electr\u00f3nica. Vd. podr\u00e1 en cualquier momento ejercer el derecho de acceso, rectificaci\u00f3n, cancelaci\u00f3n y oposici\u00f3n en los t\u00e9rminos establecidos en la Ley Org\u00e1nica 15\/1999 de 13 de diciembre. Siendo el responsable del tratamiento GUTI\u00c9RREZ ALIMENTARIA 2001 S.L. con domicilio en C\/Artesanos, 15, San Vicente del Raspeig (Alicante) 03112 <\/span><\/div>\n<div class=\"\"><u class=\"\"><span class=\"\">Confidencialidad<\/span><\/u><span class=\"\">. El contenido de esta comunicaci\u00f3n, as\u00ed como el de toda la documentaci\u00f3n anexa, es confidencial y va dirigida al destinatario del mismo. En el supuesto de que usted no fuera el destinatario, le solicitamos que nos lo indique y no comunique su contenido a terceros, procediendo a su destrucci\u00f3n. Muchas gracias<\/span><\/div>\n<p>[\/et_pb_text][\/et_pb_column][\/et_pb_row][et_pb_row _builder_version=\u00bb3.29.3&#8243; _i=\u00bb1&#8243; _address=\u00bb0.1&#8243;][et_pb_column type=\u00bb4_4&#8243; _builder_version=\u00bb3.29.3&#8243; _i=\u00bb0&#8243; _address=\u00bb0.1.0&#8243;][et_pb_text _builder_version=\u00bb3.29.3&#8243; _i=\u00bb0&#8243; _address=\u00bb0.1.0.0&#8243;]<\/p>\n<h2 style=\"text-align: center;\"><strong>Pol\u00edtica de cookies<\/strong><\/h2>\n<p>&nbsp;<\/p>\n<p>[\/et_pb_text][et_pb_code _builder_version=\u00bb3.29.3&#8243; _i=\u00bb1&#8243; _address=\u00bb0.1.0.1&#8243;]<\/p>\n<div><!-- [et_pb_line_break_holder] -->  <script id=\"CookieDeclaration\" src=\"https:\/\/consent.cookiebot.com\/66079537-fac7-463b-b1df-99c60dfe2f46\/cd.js\" type=\"text\/javascript\" async><\/script><!-- [et_pb_line_break_holder] --><\/div>\n<p>[\/et_pb_code][\/et_pb_column][\/et_pb_row][\/et_pb_section][et_pb_section fb_built=\u00bb1&#8243; _builder_version=\u00bb3.29.3&#8243; background_color=\u00bb#f5ab7e\u00bb min_height=\u00bb108px\u00bb custom_padding=\u00bb0px|||||\u00bb global_module=\u00bb373&#8243; fb_built=\u00bb1&#8243; _i=\u00bb0&#8243; _address=\u00bb0&#8243;][et_pb_row _builder_version=\u00bb3.29.3&#8243; custom_padding=\u00bb0px|||||\u00bb _i=\u00bb0&#8243; _address=\u00bb1.0&#8243;][et_pb_column type=\u00bb4_4&#8243; _builder_version=\u00bb3.29.3&#8243; _i=\u00bb0&#8243; _address=\u00bb1.0.0&#8243;][et_pb_image src=\u00bbhttp:\/\/gutierrezalimentaria.com\/wp-content\/uploads\/2019\/10\/icono-footer.png\u00bb align=\u00bbcenter\u00bb _builder_version=\u00bb3.29.3&#8243; transform_scale=\u00bb61%|61%\u00bb _i=\u00bb0&#8243; _address=\u00bb1.0.0.0&#8243;][\/et_pb_image][\/et_pb_column][\/et_pb_row][\/et_pb_section]<\/p>\n","protected":false},"excerpt":{"rendered":"<p>Texto legal \u00a0 GUTI\u00c9RREZ ALIMENTARIA 2001 S.L., le informa que su direcci\u00f3n de correo electr\u00f3nico, as\u00ed como el resto de los datos de car\u00e1cter personal de su tarjeta de visita que nos facilite, ser\u00e1n objeto de tratamiento automatizado en nuestros ficheros, con la finalidad de gestionar la agenda de contactos de nuestra empresa, para el [&hellip;]<\/p>\n","protected":false},"author":2,"featured_media":0,"parent":0,"menu_order":0,"comment_status":"closed","ping_status":"closed","template":"","meta":{"_et_pb_use_builder":"on","_et_pb_old_content":"","_et_gb_content_width":"","footnotes":""},"_links":{"self":[{"href":"https:\/\/gutierrezalimentaria.com\/index.php?rest_route=\/wp\/v2\/pages\/627"}],"collection":[{"href":"https:\/\/gutierrezalimentaria.com\/index.php?rest_route=\/wp\/v2\/pages"}],"about":[{"href":"https:\/\/gutierrezalimentaria.com\/index.php?rest_route=\/wp\/v2\/types\/page"}],"author":[{"embeddable":true,"href":"https:\/\/gutierrezalimentaria.com\/index.php?rest_route=\/wp\/v2\/users\/2"}],"replies":[{"embeddable":true,"href":"https:\/\/gutierrezalimentaria.com\/index.php?rest_route=%2Fwp%2Fv2%2Fcomments&post=627"}],"version-history":[{"count":26,"href":"https:\/\/gutierrezalimentaria.com\/index.php?rest_route=\/wp\/v2\/pages\/627\/revisions"}],"predecessor-version":[{"id":730,"href":"https:\/\/gutierrezalimentaria.com\/index.php?rest_route=\/wp\/v2\/pages\/627\/revisions\/730"}],"wp:attachment":[{"href":"https:\/\/gutierrezalimentaria.com\/index.php?rest_route=%2Fwp%2Fv2%2Fmedia&parent=627"}],"curies":[{"name":"wp","href":"https:\/\/api.w.org\/{rel}","templated":true}]}}