{"id":226,"date":"2019-09-27T15:51:00","date_gmt":"2019-09-27T13:51:00","guid":{"rendered":"http:\/\/gutierrezalimentaria.com\/?page_id=226"},"modified":"2023-11-14T00:51:02","modified_gmt":"2023-11-13T23:51:02","slug":"principal","status":"publish","type":"page","link":"https:\/\/gutierrezalimentaria.com\/","title":{"rendered":"Principal"},"content":{"rendered":"<p>[et_pb_section fb_built=\u00bb1&#8243; _builder_version=\u00bb4.16&#8243; background_color=\u00bb#f6d8ab\u00bb global_colors_info=\u00bb{}\u00bb][et_pb_row _builder_version=\u00bb4.16&#8243; global_colors_info=\u00bb{}\u00bb][et_pb_column type=\u00bb4_4&#8243; _builder_version=\u00bb4.16&#8243; global_colors_info=\u00bb{}\u00bb][et_pb_code _builder_version=\u00bb4.16&#8243; global_colors_info=\u00bb{}\u00bb]<script type=\"text\/javascript\"><!-- [et_pb_line_break_holder] -->  \/\/jQuery(function() {<!-- [et_pb_line_break_holder] -->    \/\/jQuery('#mavideo .et_pb_video_box video').get(0).play();<!-- [et_pb_line_break_holder] -->\/\/});<!-- [et_pb_line_break_holder] --><\/script>[\/et_pb_code][\/et_pb_column][\/et_pb_row][et_pb_row _builder_version=\u00bb4.16&#8243; global_colors_info=\u00bb{}\u00bb][et_pb_column type=\u00bb4_4&#8243; _builder_version=\u00bb4.16&#8243; global_colors_info=\u00bb{}\u00bb][et_pb_slider _builder_version=\u00bb4.23.1&#8243; animation_style=\u00bbslide\u00bb auto=\u00bbon\u00bb hover_enabled=\u00bb0&#8243; global_colors_info=\u00bb{}\u00bb sticky_enabled=\u00bb0&#8243;][et_pb_slide _builder_version=\u00bb4.23.1&#8243; background_image=\u00bbhttps:\/\/gutierrezalimentaria.com\/wp-content\/uploads\/2019\/11\/Gutierrez-WEB-10.jpg\u00bb background_enable_image=\u00bbon\u00bb background_position=\u00bbtop_right\u00bb hover_enabled=\u00bb0&#8243; global_colors_info=\u00bb{}\u00bb sticky_transition=\u00bbon\u00bb title_text=\u00bbGutierrez WEB-10&#8243; sticky_enabled=\u00bb0&#8243;][\/et_pb_slide][et_pb_slide _builder_version=\u00bb4.23.1&#8243; background_image=\u00bbhttps:\/\/gutierrezalimentaria.com\/wp-content\/uploads\/2019\/10\/slider-3-07.jpg\u00bb background_enable_image=\u00bbon\u00bb background_position=\u00bbtop_left\u00bb global_colors_info=\u00bb{}\u00bb sticky_transition=\u00bbon\u00bb][\/et_pb_slide][et_pb_slide _builder_version=\u00bb4.23.1&#8243; background_image=\u00bbhttps:\/\/gutierrezalimentaria.com\/wp-content\/uploads\/2019\/11\/Gutierrez-WEB-11.jpg\u00bb background_enable_image=\u00bbon\u00bb global_colors_info=\u00bb{}\u00bb sticky_transition=\u00bbon\u00bb][\/et_pb_slide][et_pb_slide _builder_version=\u00bb4.23.1&#8243; background_image=\u00bbhttps:\/\/gutierrezalimentaria.com\/wp-content\/uploads\/2019\/11\/Gutierrez-WEB-09.jpg\u00bb background_enable_image=\u00bbon\u00bb background_position=\u00bbbottom_left\u00bb global_colors_info=\u00bb{}\u00bb sticky_transition=\u00bbon\u00bb][\/et_pb_slide][et_pb_slide _builder_version=\u00bb4.23.1&#8243; background_image=\u00bbhttps:\/\/gutierrezalimentaria.com\/wp-content\/uploads\/2019\/11\/Gutierrez-WEB-12.jpg\u00bb background_enable_image=\u00bbon\u00bb background_position=\u00bbbottom_right\u00bb global_colors_info=\u00bb{}\u00bb sticky_transition=\u00bbon\u00bb][\/et_pb_slide][\/et_pb_slider][et_pb_text _builder_version=\u00bb4.16&#8243; global_colors_info=\u00bb{}\u00bb]<\/p>\n<p>Desde siempre, el esfuerzo y dedicaci\u00f3n de cada uno de los que trabajamos en Guti\u00e9rrez se pone al servicio de nuestos clientes y amigos, para ofrecerles productos de m\u00e1xima calidad ajustados a las necesidades m\u00e1s exigentes. Mejora continua, excelencia y calidad son las bases en las que nos apoyamos para ofrecer lo mejor.<\/p>\n<p>[\/et_pb_text][\/et_pb_column][\/et_pb_row][et_pb_row _builder_version=\u00bb4.16&#8243; global_colors_info=\u00bb{}\u00bb][et_pb_column type=\u00bb4_4&#8243; _builder_version=\u00bb4.16&#8243; global_colors_info=\u00bb{}\u00bb][et_pb_image src=\u00bbhttps:\/\/gutierrezalimentaria.com\/wp-content\/uploads\/2019\/10\/linea-1920.png\u00bb title_text=\u00bblinea-1920&#8243; _builder_version=\u00bb4.23.1&#8243; transform_scale=\u00bb45%|45%\u00bb global_colors_info=\u00bb{}\u00bb][\/et_pb_image][\/et_pb_column][\/et_pb_row][et_pb_row column_structure=\u00bb1_3,1_3,1_3&#8243; _builder_version=\u00bb4.16&#8243; global_colors_info=\u00bb{}\u00bb][et_pb_column type=\u00bb1_3&#8243; _builder_version=\u00bb4.16&#8243; global_colors_info=\u00bb{}\u00bb][et_pb_image src=\u00bbhttps:\/\/gutierrezalimentaria.com\/wp-content\/uploads\/2019\/10\/iconos-1.png\u00bb title_text=\u00bbiconos-1&#8243; align=\u00bbcenter\u00bb _builder_version=\u00bb4.23.1&#8243; height=\u00bb75px\u00bb global_colors_info=\u00bb{}\u00bb][\/et_pb_image][et_pb_text _builder_version=\u00bb4.16&#8243; text_orientation=\u00bbcenter\u00bb global_colors_info=\u00bb{}\u00bb]<\/p>\n<p><strong>Artesan\u00eda<\/strong><\/p>\n<p>Nuestro cat\u00e1logo de productos est\u00e1 pensado siempre con la premisa del sabor artesano de productos de panader\u00eda, contemplando desde el pan de consumo diario a los productos m\u00e1s epec\u00ed\ufb01cos de temporada.<\/p>\n<p>[\/et_pb_text][\/et_pb_column][et_pb_column type=\u00bb1_3&#8243; _builder_version=\u00bb4.16&#8243; global_colors_info=\u00bb{}\u00bb][et_pb_image src=\u00bbhttps:\/\/gutierrezalimentaria.com\/wp-content\/uploads\/2019\/10\/iconos-2.png\u00bb align=\u00bbcenter\u00bb _builder_version=\u00bb4.16&#8243; height=\u00bb75px\u00bb global_colors_info=\u00bb{}\u00bb][\/et_pb_image][et_pb_text _builder_version=\u00bb4.16&#8243; text_orientation=\u00bbcenter\u00bb global_colors_info=\u00bb{}\u00bb]<\/p>\n<p><b>Distribuci\u00f3n<\/b><\/p>\n<p>La implicaci\u00f3n y organizaci\u00f3n de nuestro equipo, optimiza los plazos de entrega de nuestros productos. Disponemos de reparto por zonas para que siempre usted tenga su producto en el momento de la necesidad.<\/p>\n<p>[\/et_pb_text][\/et_pb_column][et_pb_column type=\u00bb1_3&#8243; _builder_version=\u00bb4.16&#8243; global_colors_info=\u00bb{}\u00bb][et_pb_image src=\u00bbhttps:\/\/gutierrezalimentaria.com\/wp-content\/uploads\/2019\/10\/iconos-3.png\u00bb title_text=\u00bbiconos-3&#8243; align=\u00bbcenter\u00bb _builder_version=\u00bb4.23.1&#8243; height=\u00bb75px\u00bb global_colors_info=\u00bb{}\u00bb][\/et_pb_image][et_pb_text _builder_version=\u00bb4.16&#8243; text_orientation=\u00bbcenter\u00bb global_colors_info=\u00bb{}\u00bb]<\/p>\n<p><strong>Compromiso de Servicio<\/strong><\/p>\n<p>Conocemos y respetamos su necesidad, por ello nuestra vocaci\u00f3n para que usted tenga el mejor producto en el momento. Siempre respetando la conservaci\u00f3n \u00f3ptima para conservar siempre todo su sabor.<\/p>\n<p>[\/et_pb_text][\/et_pb_column][\/et_pb_row][et_pb_row _builder_version=\u00bb4.16&#8243; global_colors_info=\u00bb{}\u00bb][et_pb_column type=\u00bb4_4&#8243; _builder_version=\u00bb4.16&#8243; global_colors_info=\u00bb{}\u00bb][et_pb_image src=\u00bbhttps:\/\/gutierrezalimentaria.com\/wp-content\/uploads\/2019\/10\/linea-1920.png\u00bb title_text=\u00bblinea-1920&#8243; _builder_version=\u00bb4.23.1&#8243; transform_scale=\u00bb45%|45%\u00bb global_colors_info=\u00bb{}\u00bb][\/et_pb_image][\/et_pb_column][\/et_pb_row][et_pb_row module_class=\u00bbds-vertical-align\u00bb _builder_version=\u00bb4.16&#8243; module_alignment=\u00bbcenter\u00bb custom_margin=\u00bb||||false|false\u00bb custom_padding=\u00bb0px||||false|false\u00bb global_colors_info=\u00bb{}\u00bb][et_pb_column type=\u00bb4_4&#8243; _builder_version=\u00bb4.16&#8243; global_colors_info=\u00bb{}\u00bb][et_pb_text admin_label=\u00bbTexto\u00bb _builder_version=\u00bb4.16&#8243; text_orientation=\u00bbcenter\u00bb global_colors_info=\u00bb{}\u00bb]<\/p>\n<h4><strong>Descarga aqu\u00ed nuestro cat\u00e1logo<br \/> <\/strong><\/h4>\n<p>[\/et_pb_text][et_pb_image src=\u00bbhttps:\/\/gutierrezalimentaria.com\/wp-content\/uploads\/2019\/10\/icono-catalogo.png\u00bb title_text=\u00bbicono-catalogo\u00bb url=\u00bbhttp:\/\/gutierrezalimentaria.com\/wp-content\/uploads\/2019\/10\/Catalogo_gutierrez_2019.pdf\u00bb url_new_window=\u00bbon\u00bb align=\u00bbcenter\u00bb admin_label=\u00bbImagen\u00bb _builder_version=\u00bb4.23.1&#8243; custom_margin=\u00bb-59px||||false|false\u00bb custom_padding=\u00bb0px|||||\u00bb global_colors_info=\u00bb{}\u00bb][\/et_pb_image][et_pb_text _builder_version=\u00bb4.16&#8243; text_font_size=\u00bb8px\u00bb custom_margin=\u00bb-43px||||false|false\u00bb global_colors_info=\u00bb{}\u00bb]<\/p>\n<h6 style=\"text-align: center;\">Si tiene problemas con la descarga, no dude en ponerse en contacto con nosotros en <strong><a href=\"mailto:info@gutierrezalimentaria.com\">info@gutierrezalimentaria.com<\/a><\/strong><\/h6>\n<p>[\/et_pb_text][\/et_pb_column][\/et_pb_row][et_pb_row _builder_version=\u00bb4.16&#8243; global_colors_info=\u00bb{}\u00bb][et_pb_column type=\u00bb4_4&#8243; _builder_version=\u00bb4.16&#8243; global_colors_info=\u00bb{}\u00bb][et_pb_text module_id=\u00bbcontacto\u00bb _builder_version=\u00bb4.16&#8243; global_colors_info=\u00bb{}\u00bb]<\/p>\n<h3 style=\"text-align: center;\"><em><strong>\u00bfNecesita informaci\u00f3n?<\/strong><\/em><\/h3>\n<p>[\/et_pb_text][et_pb_contact_form email=\u00bbinfo@gutierrezalimentaria.com\u00bb success_message=\u00bbLos datos se han enviado correctamente. Muchas gracias.\u00bb module_id=\u00bbformulario_contacto\u00bb _builder_version=\u00bb4.16&#8243; _unique_id=\u00bb38858e05-48f5-4161-a5bf-9aaccd0fb18e\u00bb form_field_background_color=\u00bb#F5AB7E\u00bb background_color=\u00bbrgba(0,0,0,0)\u00bb custom_button=\u00bbon\u00bb button_text_color=\u00bb#883C0F\u00bb button_border_color=\u00bb#F5AB7E\u00bb global_colors_info=\u00bb{}\u00bb][et_pb_contact_field field_id=\u00bbName\u00bb field_title=\u00bbNombre\u00bb _builder_version=\u00bb4.16&#8243; form_field_background_color=\u00bb#F5AB7E\u00bb form_field_text_color=\u00bb#883C0F\u00bb form_field_font_size=\u00bb16px\u00bb background_enable_color=\u00bboff\u00bb global_colors_info=\u00bb{}\u00bb button_text_size__hover_enabled=\u00bboff\u00bb button_one_text_size__hover_enabled=\u00bboff\u00bb button_two_text_size__hover_enabled=\u00bboff\u00bb button_text_color__hover_enabled=\u00bboff\u00bb button_one_text_color__hover_enabled=\u00bboff\u00bb button_two_text_color__hover_enabled=\u00bboff\u00bb button_border_width__hover_enabled=\u00bboff\u00bb button_one_border_width__hover_enabled=\u00bboff\u00bb button_two_border_width__hover_enabled=\u00bboff\u00bb button_border_color__hover_enabled=\u00bboff\u00bb button_one_border_color__hover_enabled=\u00bboff\u00bb button_two_border_color__hover_enabled=\u00bboff\u00bb button_border_radius__hover_enabled=\u00bboff\u00bb button_one_border_radius__hover_enabled=\u00bboff\u00bb button_two_border_radius__hover_enabled=\u00bboff\u00bb button_letter_spacing__hover_enabled=\u00bboff\u00bb button_one_letter_spacing__hover_enabled=\u00bboff\u00bb button_two_letter_spacing__hover_enabled=\u00bboff\u00bb button_bg_color__hover_enabled=\u00bboff\u00bb button_one_bg_color__hover_enabled=\u00bboff\u00bb button_two_bg_color__hover_enabled=\u00bboff\u00bb][\/et_pb_contact_field][et_pb_contact_field field_id=\u00bbEmail\u00bb field_title=\u00bbDirecci\u00f3n de correo electr\u00f3nico\u00bb field_type=\u00bbemail\u00bb _builder_version=\u00bb4.16&#8243; form_field_background_color=\u00bb#F5AB7E\u00bb form_field_text_color=\u00bb#883C0F\u00bb form_field_font_size=\u00bb16px\u00bb global_colors_info=\u00bb{}\u00bb button_text_size__hover_enabled=\u00bboff\u00bb button_one_text_size__hover_enabled=\u00bboff\u00bb button_two_text_size__hover_enabled=\u00bboff\u00bb button_text_color__hover_enabled=\u00bboff\u00bb button_one_text_color__hover_enabled=\u00bboff\u00bb button_two_text_color__hover_enabled=\u00bboff\u00bb button_border_width__hover_enabled=\u00bboff\u00bb button_one_border_width__hover_enabled=\u00bboff\u00bb button_two_border_width__hover_enabled=\u00bboff\u00bb button_border_color__hover_enabled=\u00bboff\u00bb button_one_border_color__hover_enabled=\u00bboff\u00bb button_two_border_color__hover_enabled=\u00bboff\u00bb button_border_radius__hover_enabled=\u00bboff\u00bb button_one_border_radius__hover_enabled=\u00bboff\u00bb button_two_border_radius__hover_enabled=\u00bboff\u00bb button_letter_spacing__hover_enabled=\u00bboff\u00bb button_one_letter_spacing__hover_enabled=\u00bboff\u00bb button_two_letter_spacing__hover_enabled=\u00bboff\u00bb button_bg_color__hover_enabled=\u00bboff\u00bb button_one_bg_color__hover_enabled=\u00bboff\u00bb button_two_bg_color__hover_enabled=\u00bboff\u00bb][\/et_pb_contact_field][et_pb_contact_field field_id=\u00bbMessage\u00bb field_title=\u00bbMensaje\u00bb field_type=\u00bbtext\u00bb fullwidth_field=\u00bbon\u00bb _builder_version=\u00bb4.16&#8243; form_field_background_color=\u00bb#F5AB7E\u00bb form_field_text_color=\u00bb#883C0F\u00bb form_field_font_size=\u00bb16px\u00bb global_colors_info=\u00bb{}\u00bb button_text_size__hover_enabled=\u00bboff\u00bb button_one_text_size__hover_enabled=\u00bboff\u00bb button_two_text_size__hover_enabled=\u00bboff\u00bb button_text_color__hover_enabled=\u00bboff\u00bb button_one_text_color__hover_enabled=\u00bboff\u00bb button_two_text_color__hover_enabled=\u00bboff\u00bb button_border_width__hover_enabled=\u00bboff\u00bb button_one_border_width__hover_enabled=\u00bboff\u00bb button_two_border_width__hover_enabled=\u00bboff\u00bb button_border_color__hover_enabled=\u00bboff\u00bb button_one_border_color__hover_enabled=\u00bboff\u00bb button_two_border_color__hover_enabled=\u00bboff\u00bb button_border_radius__hover_enabled=\u00bboff\u00bb button_one_border_radius__hover_enabled=\u00bboff\u00bb button_two_border_radius__hover_enabled=\u00bboff\u00bb button_letter_spacing__hover_enabled=\u00bboff\u00bb button_one_letter_spacing__hover_enabled=\u00bboff\u00bb button_two_letter_spacing__hover_enabled=\u00bboff\u00bb button_bg_color__hover_enabled=\u00bboff\u00bb button_one_bg_color__hover_enabled=\u00bboff\u00bb button_two_bg_color__hover_enabled=\u00bboff\u00bb][\/et_pb_contact_field][\/et_pb_contact_form][\/et_pb_column][\/et_pb_row][et_pb_row _builder_version=\u00bb4.16&#8243; global_colors_info=\u00bb{}\u00bb][et_pb_column type=\u00bb4_4&#8243; _builder_version=\u00bb4.16&#8243; global_colors_info=\u00bb{}\u00bb][et_pb_text _builder_version=\u00bb4.16&#8243; global_colors_info=\u00bb{}\u00bb]<\/p>\n<h3 style=\"text-align: center;\"><em><strong>Nuestros clientes dicen<\/strong><\/em><\/h3>\n<p>[\/et_pb_text][et_pb_testimonial author=\u00bbJuan Blay\u00bb job_title=\u00bbAlicante\u00bb quote_icon_color=\u00bb#883C0F\u00bb _builder_version=\u00bb4.16&#8243; body_text_color=\u00bb#883C0F\u00bb background_color=\u00bb#F5AB7E\u00bb border_color_all_portrait=\u00bb#d8a600&#8243; global_colors_info=\u00bb{}\u00bb]<\/p>\n<p><em><strong>\u00bb No solo sabor tradicional, sino un servicio totalmente personalizado, hace m\u00e1s de 15 a\u00f1os que trabajamos con ellos. Totalmente recomendable.\u00bb<\/strong><\/em><\/p>\n<p>[\/et_pb_testimonial][et_pb_testimonial author=\u00bbAlmudena Garc\u00eda\u00bb job_title=\u00bbSan Vicente\u00bb quote_icon_color=\u00bb#883C0F\u00bb _builder_version=\u00bb4.16&#8243; body_text_color=\u00bb#883C0F\u00bb background_color=\u00bb#F5AB7E\u00bb border_color_all_portrait=\u00bb#d8a600&#8243; global_colors_info=\u00bb{}\u00bb]<\/p>\n<p><em><strong>\u00bb Productos de muy buena calidad, atenci\u00f3n inmejorable y e\ufb01ciente. Muy satisfecha con sus productos y atenci\u00f3n. \u00ab<\/strong><\/em><\/p>\n<p>[\/et_pb_testimonial][\/et_pb_column][\/et_pb_row][et_pb_row _builder_version=\u00bb4.16&#8243; module_alignment=\u00bbcenter\u00bb global_colors_info=\u00bb{}\u00bb][et_pb_column type=\u00bb4_4&#8243; _builder_version=\u00bb4.16&#8243; global_colors_info=\u00bb{}\u00bb][et_pb_divider color=\u00bb#e09900&#8243; _builder_version=\u00bb4.16&#8243; max_width=\u00bb80%\u00bb module_alignment=\u00bbcenter\u00bb global_colors_info=\u00bb{}\u00bb][\/et_pb_divider][et_pb_text _builder_version=\u00bb4.16&#8243; global_colors_info=\u00bb{}\u00bb]<\/p>\n<h3 style=\"text-align: center;\"><span style=\"color: #883c0f;\"><em><strong>Nos encontrar\u00e1s<\/strong><\/em><\/span><\/h3>\n<p style=\"text-align: center;\">Guti\u00e9rrez Alimentaria<br \/>C\/ Artesanos, 15<br \/>03690 \u00b7 San Vicente del Raspeig<br \/>965 284 250 \/ 661 296 835<\/p>\n<p>[\/et_pb_text][et_pb_code _builder_version=\u00bb4.16&#8243; text_orientation=\u00bbcenter\u00bb global_colors_info=\u00bb{}\u00bb]<iframe loading=\"lazy\" src=\"https:\/\/www.google.com\/maps\/embed?pb=!1m18!1m12!1m3!1d3126.562685577373!2d-0.5453858853066929!3d38.40535938340242!2m3!1f0!2f0!3f0!3m2!1i1024!2i768!4f13.1!3m3!1m2!1s0xd6233f365d40de1%3A0xa928b98184c43ecd!2sCalle%20Artesanos%2C%2015%2C%2003690%20San%20Vicente%20del%20Raspeig%2C%20Alicante!5e0!3m2!1ses!2ses!4v1571771354338!5m2!1ses!2ses\" width=\"600\" height=\"450\" frameborder=\"0\" style=\"border:0;\" allowfullscreen=\"\"><\/iframe>[\/et_pb_code][\/et_pb_column][\/et_pb_row][\/et_pb_section][et_pb_section fb_built=\u00bb1&#8243; _builder_version=\u00bb3.29.3&#8243; background_color=\u00bb#f5ab7e\u00bb min_height=\u00bb108px\u00bb custom_padding=\u00bb0px|||||\u00bb global_module=\u00bb373&#8243; global_colors_info=\u00bb{}\u00bb][et_pb_row _builder_version=\u00bb4.16&#8243; custom_padding=\u00bb0px|||||\u00bb global_colors_info=\u00bb{}\u00bb][et_pb_column type=\u00bb4_4&#8243; _builder_version=\u00bb4.16&#8243; global_colors_info=\u00bb{}\u00bb][et_pb_image src=\u00bbhttps:\/\/gutierrezalimentaria.com\/wp-content\/uploads\/2019\/10\/icono-footer.png\u00bb title_text=\u00bbicono-footer\u00bb align=\u00bbcenter\u00bb _builder_version=\u00bb4.23.1&#8243; transform_scale=\u00bb61%|61%\u00bb global_colors_info=\u00bb{}\u00bb][\/et_pb_image][\/et_pb_column][\/et_pb_row][\/et_pb_section]<\/p>\n","protected":false},"excerpt":{"rendered":"<p>Desde siempre, el esfuerzo y dedicaci\u00f3n de cada uno de los que trabajamos en Guti\u00e9rrez se pone al servicio de nuestos clientes y amigos, para ofrecerles productos de m\u00e1xima calidad ajustados a las necesidades m\u00e1s exigentes. Mejora continua, excelencia y calidad son las bases en las que nos apoyamos para ofrecer lo mejor.Artesan\u00eda Nuestro cat\u00e1logo [&hellip;]<\/p>\n","protected":false},"author":2,"featured_media":0,"parent":0,"menu_order":0,"comment_status":"closed","ping_status":"closed","template":"","meta":{"_et_pb_use_builder":"on","_et_pb_old_content":"","_et_gb_content_width":"","footnotes":""},"_links":{"self":[{"href":"https:\/\/gutierrezalimentaria.com\/index.php?rest_route=\/wp\/v2\/pages\/226"}],"collection":[{"href":"https:\/\/gutierrezalimentaria.com\/index.php?rest_route=\/wp\/v2\/pages"}],"about":[{"href":"https:\/\/gutierrezalimentaria.com\/index.php?rest_route=\/wp\/v2\/types\/page"}],"author":[{"embeddable":true,"href":"https:\/\/gutierrezalimentaria.com\/index.php?rest_route=\/wp\/v2\/users\/2"}],"replies":[{"embeddable":true,"href":"https:\/\/gutierrezalimentaria.com\/index.php?rest_route=%2Fwp%2Fv2%2Fcomments&post=226"}],"version-history":[{"count":156,"href":"https:\/\/gutierrezalimentaria.com\/index.php?rest_route=\/wp\/v2\/pages\/226\/revisions"}],"predecessor-version":[{"id":747,"href":"https:\/\/gutierrezalimentaria.com\/index.php?rest_route=\/wp\/v2\/pages\/226\/revisions\/747"}],"wp:attachment":[{"href":"https:\/\/gutierrezalimentaria.com\/index.php?rest_route=%2Fwp%2Fv2%2Fmedia&parent=226"}],"curies":[{"name":"wp","href":"https:\/\/api.w.org\/{rel}","templated":true}]}}